{"id":5919,"date":"2014-10-04T13:14:04","date_gmt":"2014-10-04T12:14:04","guid":{"rendered":"http:\/\/smdesevilla.com\/principal\/?page_id=5919"},"modified":"2026-03-16T22:06:57","modified_gmt":"2026-03-16T21:06:57","slug":"5919-2","status":"publish","type":"page","link":"https:\/\/smdesevilla.com\/principal\/trayectori\/2014-2015\/5919-2\/","title":{"rendered":"El Mes\u00edas Participativo"},"content":{"rendered":"<p>EL MES\u00cdAS PARTICIPATIVO 2014<\/p>\n<p>18 y 19 de diciembre de 2014<br \/>\nTeatro de la Maestranza de Sevilla<\/p>\n<p>REAL ORQUESTA SINF\u00d3NICA DE SEVILLA<br \/>\nCORO THE AGE OF ENLIGHTENMENT<\/p>\n<p>Sophie Bevan, <em>soprano<br \/>\n<\/em>Catherine Wyn-Rogers, <em>mezzo<br \/>\n<\/em>Mois\u00e9s Mar\u00edn Garc\u00eda, <em>tenor<br \/>\n<\/em>Ashley Riches, <em>bar\u00edtono<\/em><\/p>\n<p>COROS DE SEVILLA, C\u00c1DIZ Y HUELVA<br \/>\nSociedad Musical de Sevilla<\/p>\n<div>\n<div>\n<h3>Direcci\u00f3n:<\/h3>\n<\/div>\n<div>\n<p>Robert Howarth<\/p>\n<\/div>\n<\/div>\n","protected":false},"excerpt":{"rendered":"<p>EL MES\u00cdAS PARTICIPATIVO 2014 18 y 19 de diciembre de 2014 Teatro de la Maestranza de Sevilla REAL ORQUESTA SINF\u00d3NICA DE SEVILLA CORO THE AGE OF ENLIGHTENMENT Sophie Bevan, soprano Catherine Wyn-Rogers, mezzo Mois\u00e9s Mar\u00edn Garc\u00eda, tenor Ashley Riches, bar\u00edtono COROS DE SEVILLA, C\u00c1DIZ Y HUELVA Sociedad Musical de Sevilla Direcci\u00f3n: Robert Howarth<\/p>\n","protected":false},"author":1,"featured_media":6035,"parent":5895,"menu_order":10,"comment_status":"closed","ping_status":"open","template":"page-3-2","meta":{"_price":"","_stock":"","_tribe_ticket_header":"","_tribe_default_ticket_provider":"TEC\\Tickets\\Commerce\\Module","_tribe_ticket_capacity":"0","_ticket_start_date":"","_ticket_end_date":"","_tribe_ticket_show_description":"","_tribe_ticket_show_not_going":false,"_tribe_ticket_use_global_stock":"","_tribe_ticket_global_stock_level":"","_global_stock_mode":"","_global_stock_cap":"","_tribe_rsvp_for_event":"","_tribe_ticket_going_count":"","_tribe_ticket_not_going_count":"","_tribe_tickets_list":"[]","_tribe_ticket_has_attendee_info_fields":false,"footnotes":"","_tec_slr_enabled":"","_tec_slr_layout":""},"class_list":["post-5919","page","type-page","status-publish","has-post-thumbnail","hentry"],"aioseo_notices":[],"ticketed":false,"_links":{"self":[{"href":"https:\/\/smdesevilla.com\/principal\/wp-json\/wp\/v2\/pages\/5919","targetHints":{"allow":["GET"]}}],"collection":[{"href":"https:\/\/smdesevilla.com\/principal\/wp-json\/wp\/v2\/pages"}],"about":[{"href":"https:\/\/smdesevilla.com\/principal\/wp-json\/wp\/v2\/types\/page"}],"author":[{"embeddable":true,"href":"https:\/\/smdesevilla.com\/principal\/wp-json\/wp\/v2\/users\/1"}],"replies":[{"embeddable":true,"href":"https:\/\/smdesevilla.com\/principal\/wp-json\/wp\/v2\/comments?post=5919"}],"version-history":[{"count":1,"href":"https:\/\/smdesevilla.com\/principal\/wp-json\/wp\/v2\/pages\/5919\/revisions"}],"predecessor-version":[{"id":13011,"href":"https:\/\/smdesevilla.com\/principal\/wp-json\/wp\/v2\/pages\/5919\/revisions\/13011"}],"up":[{"embeddable":true,"href":"https:\/\/smdesevilla.com\/principal\/wp-json\/wp\/v2\/pages\/5895"}],"wp:featuredmedia":[{"embeddable":true,"href":"https:\/\/smdesevilla.com\/principal\/wp-json\/wp\/v2\/media\/6035"}],"wp:attachment":[{"href":"https:\/\/smdesevilla.com\/principal\/wp-json\/wp\/v2\/media?parent=5919"}],"curies":[{"name":"wp","href":"https:\/\/api.w.org\/{rel}","templated":true}]}}