{"id":50,"date":"2008-06-05T18:57:35","date_gmt":"2008-06-05T16:57:35","guid":{"rendered":"http:\/\/localhost\/wordpress\/?page_id=79"},"modified":"2014-10-05T23:16:21","modified_gmt":"2014-10-05T22:16:21","slug":"musicologia","status":"publish","type":"page","link":"https:\/\/smdesevilla.com\/principal\/colaboradores\/musica\/musicologia\/","title":{"rendered":"Musicolog\u00eda"},"content":{"rendered":"<hr \/>\n<h2>M\u00aa Isabel Osuna Lucena<\/h2>\n<p><a href=\"\/principal\/wp-content\/uploads\/2008\/07\/MIO.gif\"><img decoding=\"async\" class=\"imagepost size-medium wp-image-154\" src=\"\/principal\/wp-content\/uploads\/2008\/07\/MIO.gif\" alt=\"\" width=\"130\" \/><\/a><\/p>\n<p style=\"text-align: justify;\">Es Licenciada en Filolog\u00eda Moderna y Doctora en Historia del Arte por la Universidad de Sevilla y Titulada profesionalmente por el Conservatorio Superior de M\u00fasica de esta ciudad en la especialidad de guitarra. Desde 1987, por oposici\u00f3n, es profesora Titular de Historia de la M\u00fasica del Departamento de Historia del Arte de la Universidad Hispalense de Sevilla, impartiendo durante 11 a\u00f1os la asignatura de Historia de la M\u00fasica pasando a continuaci\u00f3n a impartir la asignatura de Teor\u00eda del Arte.<\/p>\n<p style=\"text-align: justify;\">Desde hace varios a\u00f1os, ofrece la asignatura Inicio y desarrollo de la M\u00fasica esc\u00e9nica en Espa\u00f1a, en el programa de Doctorado Ciencias del espect\u00e1culo, programado por el Departamento de Literatura Espa\u00f1ola, de car\u00e1cter interdisciplinario e interdepartamental e imparte un curso de \u201cHistoria de la M\u00fasica\u201d programado en los cursos que, mediante convenio, ofrece la Universidad de Sevilla para estudiantes de las Universidades Norteamericanas.<\/p>\n<p style=\"text-align: justify;\">Ha dirigido y dirige numerosas Tesis Doctorales de tem\u00e1tica musical, a estudiantes espa\u00f1oles y extranjeros (calificadas hasta la actualidad con Sobresaliente Cum Laude) y, desde su creaci\u00f3n en 1989, dirige el Grupo de Investigaci\u00f3n del Plan de Ayuda a la Investigaci\u00f3n de la Junta de Andaluc\u00eda \u201cSeminario Crist\u00f3bal de Morales\u201d, dedicado a la catalogaci\u00f3n, estudio y difusi\u00f3n del patrimonio musical de Andaluc\u00eda Occidental. Bajo su coordinaci\u00f3n este grupo ha elaborado el Cat\u00e1logo de los fondos musicales (Partituras y libros polif\u00f3nicos) de la Catedral de Sevilla, publicado por el Centro de Documentaci\u00f3n Musical de Andaluc\u00eda, Granada 1994.<\/p>\n<p style=\"text-align: justify;\">Desarrolla una amplia labor investigadora y de difusi\u00f3n en diversos campos de la musicolog\u00eda, asistiendo a Congresos, celebrando conferencias y mesas redondas y publicando numerosos estudios. Como publicaciones m\u00e1s relevantes se pueden citar: el libro La guitarra en la historia. Ed. Alpuerto y los cap\u00edtulos del primer tomo de la obra Historia del Flamenco, publicada por la Editorial Tartessos titulados: \u201cM\u00fasica y Liturgia\u201d, \u201cM\u00fasica ar\u00e1bigo-andaluza\u201d y \u201cOr\u00edgenes de la guitarra\u201d.<\/p>\n<p style=\"text-align: justify;\">Paralelamente ha desarrollado una amplia labor de difusi\u00f3n como int\u00e9rprete de \u2018viola da gamba&#8217; en el grupo Taller Ziryab de Sevilla especializado en la m\u00fasica del Renacimiento sevillano, realizando un gran n\u00famero de conciertos (giras por Espa\u00f1a, Francia, Irlanda, Suiza, Italia, Irak, Marruecos, T\u00fanez y Turqu\u00eda), y grabaciones entre las que hay que destacar la serie La m\u00fasica en la era del Descubrimiento publicada en 8 vol\u00famenes, adem\u00e1s de grabaciones para radios y televisiones (TVE, CANAL SUR, TV3 francesa, entre otras)<\/p>\n<p style=\"text-align: justify;\">En el a\u00f1o 2005, en la conmemoraci\u00f3n del 500 aniversario de la Fundaci\u00f3n de la Universidad de Sevilla, fue nombrada comisionada responsable de la organizaci\u00f3n de los actos musicales realizados a tal efecto.<\/p>\n<hr \/>\n<h2>Carmen Torreblanca L\u00f3pez<\/h2>\n<p><a href=\"\/principal\/wp-content\/uploads\/2008\/07\/CTR.gif\"><img decoding=\"async\" class=\"imagepost size-medium wp-image-154\" src=\"\/principal\/wp-content\/uploads\/2008\/07\/CTR.gif\" alt=\"\" width=\"130\" \/><\/a><\/p>\n<p style=\"text-align: justify;\">Doctora en Filolog\u00eda Francesa por la Universidad Hispalense, es catedr\u00e1tica numeraria de Franc\u00e9s Aplicado al Canto en la Escuela Superior de Canto de Madrid desde 1990, Centro en el que ingresa por oposici\u00f3n en 1983. Desde entonces se especializa en las diferentes facetas de esta disciplina: la investigaci\u00f3n espec\u00edfica, la colaboraci\u00f3n con diversas entidades en relaci\u00f3n con el repertorio franc\u00e9s y la asistencia a congresos y cursos especializados como asistente y como ponente.<\/p>\n<p style=\"text-align: justify;\">Ha asistido a diversos cursos centrados en el repertorio franc\u00e9s : Ravel, Debussy y Faur\u00e9 (por G\u00e9rard Souzay y los pianistas Dalton Baldwin y Robin Bowman, en l\u2019Acad\u00e9mie Maurice Ravel de San Juan de Luz, y en Ginebra); sobre las \u00f3peras de Ravel (por Gabriel Bacquier en l\u2019Acad\u00e9mie Maurice Ravel de San Juan de Luz); Poulenc, Faur\u00e9, Chausson y Duparc (con Fran\u00e7ois Le Roux y los pianistas No\u00ebl Lee y Jeff Cohen en l\u2019 Acad\u00e9mie Francis Poulenc de Tours).<\/p>\n<p style=\"text-align: justify;\">Como especialista ha colaborado y colabora con diversos centros de ense\u00f1anza : Universit\u00e9 Fran\u00e7ois Rabelais de Tours, Universidad Carlos III, Universidad Hispalense, Centro Superior de M\u00fasica del Pa\u00eds Vasco (Musikene), Conservatorio Superior de Zaragoza, Real Escuela Superior de Arte Dram\u00e1tico de Madrid. En su faceta investigadora ha participado en diferentes congresos: I Jornades Catalanes sobre Llengues para Finalitats Espec\u00edfiques (Fon\u00e9tica aplicada al Canto); II Congreso de Fon\u00e9tica Experimental (Fon\u00e9tica aplicada al Canto), Facultad de Filolog\u00eda de la Universidad de Sevilla; Seminario Internacional Complutense Palabra y M\u00fasica (Relaci\u00f3n \u00d3pera-Literatura), Congreso Internacional \u201cLa creaci\u00f3n musical contempor\u00e1nea\u201d. Ha colaborado con la revista Scherzo en diversos n\u00fameros centrados en el repertorio franc\u00e9s: Bizet, Debussy; ha coordinado junto a Jos\u00e9 Luis T\u00e9llez el n\u00famero especial de Scherzo dedicado al Centenario de Pell\u00e9as et M\u00e9lisande; tambi\u00e9n ha coordinado trabajos centrados en la obra de F. Poulenc y en \u00f3pera barroca francesa. Ha elaborado programas de mano sobre m\u00fasica francesa (Festival de Internacional de M\u00fasica de la Coru\u00f1a, Sociedad Musical de Sevilla, etc.) y ha participado en la traducciones de textos de programas del repertorio franc\u00e9s (Teatro Real, Teatro de la Zarzuela, Fundaci\u00f3n Juan March, Museo Thyssen-Bornemisza, etc.).<\/p>\n<p style=\"text-align: justify;\">Ha traducido y adaptado para subt\u00edtulos diversas \u00f3peras del repertorio franc\u00e9s: Manon de J. Massenet (CANAL +), Pell\u00e9as et M\u00e9lisande de Cl. Debussy (CANAL +), La Dame de Monte-Carlo y La Voix Humaine de F. Poulenc (C\u00edrculo de Bellas Artes y Teatro de la Zarzuela de Madrid). Ha realizado la traducci\u00f3n para la adaptaci\u00f3n dramat\u00fargica de las partes habladas de diversas Op\u00e9ras Comiques y Op\u00e9rettes: Une \u00c9ducation Manqu\u00e9e de E. Chabrier, Cendrillon de P. Viardot, Monsieur Choufleuri restera chez lui le\u2026 de J. Offenbach, Cendrillon de Pauline Viardot (Escuela Superior de Canto). Tambi\u00e9n ha supervisado el franc\u00e9s cantado de las producciones en franc\u00e9s de la Escuela Superior de Canto, entre las que destacan Mignon de A. Tomas y Manon de J. Massenet, Carmen de Bizet, L\u2019Enfant Prodigue de Debussy, Rom\u00e9o et Juliette de Gounod as\u00ed como otras producciones: La Reine de Navarre de J. Ph. Rameau (Semana de M\u00fasica Antigua de Estella-Lizarra), Le Triomphe de L\u2019amour de J.B. Lully (Madrid), El Bestiario de Cristo del grupo Alia M\u00fasica (Harmonia Mundi). Como especialista de franc\u00e9s cantado ha asesorado diversos compositores sobre la dicci\u00f3n po\u00e9tica francesa en el canto.<\/p>\n<p style=\"text-align: justify;\">Ha sido corresponsal musical en Espa\u00f1a de la Radio de la Suisse Romande (Matin\u00e9es Musicales). Ha colaborado con Canal + y Canal Digital (Musik).<\/p>\n","protected":false},"excerpt":{"rendered":"<p>M\u00aa Isabel Osuna Lucena Es Licenciada en Filolog\u00eda Moderna y Doctora en Historia del Arte por la Universidad de Sevilla y Titulada profesionalmente por el Conservatorio Superior de M\u00fasica de esta ciudad en la especialidad de guitarra. Desde 1987, por oposici\u00f3n, es profesora Titular de Historia de la M\u00fasica del Departamento de Historia del Arte [&hellip;]<\/p>\n","protected":false},"author":1,"featured_media":0,"parent":46,"menu_order":2,"comment_status":"closed","ping_status":"open","template":"","meta":{"_price":"","_stock":"","_tribe_ticket_header":"","_tribe_default_ticket_provider":"","_tribe_ticket_capacity":"0","_ticket_start_date":"","_ticket_end_date":"","_tribe_ticket_show_description":"","_tribe_ticket_show_not_going":false,"_tribe_ticket_use_global_stock":"","_tribe_ticket_global_stock_level":"","_global_stock_mode":"","_global_stock_cap":"","_tribe_rsvp_for_event":"","_tribe_ticket_going_count":"","_tribe_ticket_not_going_count":"","_tribe_tickets_list":"[]","_tribe_ticket_has_attendee_info_fields":false,"footnotes":"","_tec_slr_enabled":"","_tec_slr_layout":""},"class_list":["post-50","page","type-page","status-publish","hentry"],"aioseo_notices":[],"ticketed":false,"_links":{"self":[{"href":"https:\/\/smdesevilla.com\/principal\/wp-json\/wp\/v2\/pages\/50","targetHints":{"allow":["GET"]}}],"collection":[{"href":"https:\/\/smdesevilla.com\/principal\/wp-json\/wp\/v2\/pages"}],"about":[{"href":"https:\/\/smdesevilla.com\/principal\/wp-json\/wp\/v2\/types\/page"}],"author":[{"embeddable":true,"href":"https:\/\/smdesevilla.com\/principal\/wp-json\/wp\/v2\/users\/1"}],"replies":[{"embeddable":true,"href":"https:\/\/smdesevilla.com\/principal\/wp-json\/wp\/v2\/comments?post=50"}],"version-history":[{"count":0,"href":"https:\/\/smdesevilla.com\/principal\/wp-json\/wp\/v2\/pages\/50\/revisions"}],"up":[{"embeddable":true,"href":"https:\/\/smdesevilla.com\/principal\/wp-json\/wp\/v2\/pages\/46"}],"wp:attachment":[{"href":"https:\/\/smdesevilla.com\/principal\/wp-json\/wp\/v2\/media?parent=50"}],"curies":[{"name":"wp","href":"https:\/\/api.w.org\/{rel}","templated":true}]}}