{"id":41,"date":"2008-06-05T18:46:49","date_gmt":"2008-06-05T16:46:49","guid":{"rendered":"http:\/\/localhost\/wordpress\/?page_id=69"},"modified":"2026-03-16T22:07:00","modified_gmt":"2026-03-16T21:07:00","slug":"israel-sanchez-lopez","status":"publish","type":"page","link":"https:\/\/smdesevilla.com\/principal\/direccion-artistica-y-musical\/israel-sanchez-lopez\/","title":{"rendered":"<b>Israel S\u00e1nchez L\u00f3pez<\/b> <br><small>Director art\u00edstico 2008-2013<\/small>"},"content":{"rendered":"<div class=\"pwi\">\n<p style=\"text-align: justify;\">Nacido en Santa Cruz de Tenerife en 1973, realiza sus estudios musicales en el Conservatorio Superior de M\u00fasica \u201cManuel Castillo\u201d de Sevilla obteniendo los t\u00edtulos de Profesor de Piano como alumno de D\u00aa. Pilar Bilbao, Profesor Superior de Solfeo y Teor\u00eda de la M\u00fasica y Profesor Superior de Composici\u00f3n, estudiando con D. Luis Ignaro Mar\u00edn y D. Antonio Flores. En 1996 viaja a Francia para continuar su formaci\u00f3n en el Conservatorio Nacional de Regi\u00f3n de Rueil Malmaison (Par\u00eds) y Conservatorio Nacional de Regi\u00f3n de Saint-Maur (Par\u00eds) donde estudia con Mr. Alain Roizenblat, Mr. Olivier Kaspar y Mr. Michel Merlet, obteniendo Primeros Premios en las disciplinas de Armon\u00eda, An\u00e1lisis, Contrapunto, Orquestaci\u00f3n y Primer Premio por Unanimidad, con felicitaci\u00f3n expresa del Tribunal, en Composici\u00f3n.<\/p>\n<p style=\"text-align: justify;\">Sus obras han sido interpretadas por diferentes agrupaciones camer\u00edsticas y solistas, entre los que destacan Thierry Haddad, Esther Garc\u00eda Pa\u00f1os y Vicente Monta\u00f1ana, habiendo atendido a encargos de varias orquestas como la Orquesta \u201cManuel de Falla\u201d de la Diputaci\u00f3n de C\u00e1diz, para la que realiza numerosas orquestaciones sobre melod\u00edas populares, y la Orquesta Sinf\u00f3nica del Aljarafe, que estrena su obra \u201cLas voces del agua\u201d. Recientemente, el d\u00fao formado por Luiza Nancu (violonchelo) y Alejandro Rojas-Marcos (piano) ha estrenado, dentro del programa del Circuito Andaluz de M\u00fasica, su obra \u201cOblatio\u201d, dedicada a esta formaci\u00f3n. El pasado mes de noviembre dirigi\u00f3 el estreno de su obra \u201cEl T\u00edo Perico, el carpintero, y el ni\u00f1o de la ciudad\u201d, cuento musical para narrador y doce instrumentistas sobre un texto original de Jos\u00e9 S\u00e1nchez Herrero.<\/p>\n<p style=\"text-align: justify;\">En el apartado de la m\u00fasica coral D. Rafael J. Luque Vera, al frente del Coro Acad\u00e9mico del Conservatorio Superior de M\u00fasica \u201cManuel Castillo\u201d de Sevilla, estreno en 2007 su motete a ocho voces \u201cO quam gloriosum est regnum\u201d, trabajando esta formaci\u00f3n en la actualidad un conjunto de cuatro piezas tituladas \u201cCuatro poemas de Antonio Machado\u201d encargo del citado director. Por otro lado, el coro Siarum, con su directora D\u00aa Natalia Cabrera Clavero, ha estrenado diferentes partituras entre las que destaca su Misa Breve y la armonizaci\u00f3n de la melod\u00eda popular zamorana titulada: \u201cBolero de Algodre\u201d. Participa en el espect\u00e1culo titulado \u201cBachdaliana\u201d, presentado en la \u201cBienal de Arte Flamenco\u201d de Sevilla. En la actualidad finaliza un nuevo encargo realizado por D. Luis Francisco Delgado, profesor de trompa del Conservatorio Superior de Sevilla y director de Las Fanfarrias de Roland, grupo de viento metal y percusi\u00f3n. Ha asistido a numerosos cursos de Composici\u00f3n, An\u00e1lisis Musical y Est\u00e9tica con los profesores Ant\u00f3n Garc\u00eda Abril, Luis de Pablos, Franco Donatoni, Tom\u00e1s Marco, Jos\u00e9 Mar\u00eda S\u00e1nchez Verd\u00fa, etc.<\/p>\n<p style=\"text-align: justify;\">Desde 1992, estudia Direcci\u00f3n de Orquesta con el maestro Juan Luis P\u00e9rez, ampliando sus estudios con Arturo Tamayo, Julius Kalmar y otros, siendo desde el a\u00f1o 2000 director titular de la Orquesta \u201cManuel Castillo\u201d. Con ella ha realizado conciertos por toda Andaluc\u00eda con programas muy variados, participando en varias ocasiones en el Circuito Andaluz de M\u00fasica, interviniendo en las celebraciones del V Centenario de la Virgen de Consolaci\u00f3n de Utrera con la interpretaci\u00f3n del Miserere de H. Eslava junto con el Coro Siarum y solistas como D\u00aa. Rosa de Alba y D. Rafael Ch\u00eda y representando, con la Compa\u00f1\u00eda Mar\u00eda Malibr\u00e1n, la \u00f3pera: \u201cBastian y Bastiana\u201d de Mozart. Ha estrenado obras de D. Luis Ignacio Mar\u00edn y D. Jos\u00e9 Guillot, siendo el m\u00e1s reciente el del musical titulado \u201cLa Silueta del Tiempo\u201d, obra de D. Francisco Javier L\u00f3pez estrenada el pasado mes de enero de 2008.<\/p>\n<p style=\"text-align: justify;\">Su experiencia coral se inicia en 1988 cuando ingresa en el Coro de C\u00e1mara \u201cJuan Navarro\u201d, dirigido por D. Alonso Salas Machuca, habiendo participado tambi\u00e9n en otras formaciones como el Coro \u201cManuel de Falla\u201d, dirigido por D. Ricardo Rodr\u00edguez Palacios. Ha recibido clases de direcci\u00f3n coral de los maestros: D. Edgar Saramago, D. Ger Hovius, D. John Ross, D. Vianey Da Cruz y D. Martin Schmidt.<\/p>\n<p style=\"text-align: justify;\">Ha sido profesor en los conservatorios profesionales de C\u00e1diz, C\u00f3rdoba y Sevilla, trabajando como Pianista Acompa\u00f1ante e impartiendo las asignaturas de Armon\u00eda, Fundamentos de Composici\u00f3n, Repentizaci\u00f3n y An\u00e1lisis Musical. En 2004 gana por oposici\u00f3n una plaza como profesor de Fundamentos de Composici\u00f3n, siendo titular de la misma en el Conservatorio Profesional de M\u00fasica \u201cFrancisco Guerrero\u201d de Sevilla. En la actualidad est\u00e1 en comisi\u00f3n de servicio en el Conservatorio Superior de M\u00fasica \u201cManuel Castillo\u201d de Sevilla, donde imparte o ha impartido las asignaturas de An\u00e1lisis, An\u00e1lisis de M\u00fasica Contempor\u00e1nea, Teor\u00eda de la Forma y Pr\u00e1ctica Arm\u00f3nico\u2013Contrapunt\u00edstica. Es adem\u00e1s Jefe del Departamento de Actividades Culturales del citado centro. Finalmente, es tambi\u00e9n profesor del Aula de la Experiencia (Universidad Hispalense), donde imparte un taller titulado \u201cAprende a escuchar la m\u00fasica\u201d.<\/p>\n<p style=\"text-align: justify;\">Hay publicados varios discos con sus orquestaciones por la Diputaci\u00f3n de C\u00e1diz, as\u00ed como algunas de sus composiciones en la Revista Diferencias y en la Editorial Dasi Flautas. Desde 2002 ha impartido diversas conferencias sobre temas muy variados que van desde la M\u00fasica y la Navidad hasta el Orientalismo en la M\u00fasica Europea, adem\u00e1s de temas relacionados con la ret\u00f3rica musical, en distintos foros como la Universidad Pablo de Olavide de Sevilla, La Fundaci\u00f3n Cajasol, la Sociedad Dante Aligheri o el Teatro de la Maestranza.<\/p>\n<\/div>\n","protected":false},"excerpt":{"rendered":"<p>Nacido en Santa Cruz de Tenerife en 1973, realiza sus estudios musicales en el Conservatorio Superior de M\u00fasica \u201cManuel Castillo\u201d de Sevilla obteniendo los t\u00edtulos de Profesor de Piano como alumno de D\u00aa. Pilar Bilbao, Profesor Superior de Solfeo y Teor\u00eda de la M\u00fasica y Profesor Superior de Composici\u00f3n, estudiando con D. Luis Ignaro Mar\u00edn [&hellip;]<\/p>\n","protected":false},"author":1,"featured_media":5951,"parent":39,"menu_order":0,"comment_status":"closed","ping_status":"open","template":"page-3-2","meta":{"_price":"","_stock":"","_tribe_ticket_header":"","_tribe_default_ticket_provider":"TEC\\Tickets\\Commerce\\Module","_tribe_ticket_capacity":"0","_ticket_start_date":"","_ticket_end_date":"","_tribe_ticket_show_description":"","_tribe_ticket_show_not_going":false,"_tribe_ticket_use_global_stock":"","_tribe_ticket_global_stock_level":"","_global_stock_mode":"","_global_stock_cap":"","_tribe_rsvp_for_event":"","_tribe_ticket_going_count":"","_tribe_ticket_not_going_count":"","_tribe_tickets_list":"[]","_tribe_ticket_has_attendee_info_fields":false,"footnotes":"","_tec_slr_enabled":"","_tec_slr_layout":""},"class_list":["post-41","page","type-page","status-publish","has-post-thumbnail","hentry"],"aioseo_notices":[],"ticketed":false,"_links":{"self":[{"href":"https:\/\/smdesevilla.com\/principal\/wp-json\/wp\/v2\/pages\/41","targetHints":{"allow":["GET"]}}],"collection":[{"href":"https:\/\/smdesevilla.com\/principal\/wp-json\/wp\/v2\/pages"}],"about":[{"href":"https:\/\/smdesevilla.com\/principal\/wp-json\/wp\/v2\/types\/page"}],"author":[{"embeddable":true,"href":"https:\/\/smdesevilla.com\/principal\/wp-json\/wp\/v2\/users\/1"}],"replies":[{"embeddable":true,"href":"https:\/\/smdesevilla.com\/principal\/wp-json\/wp\/v2\/comments?post=41"}],"version-history":[{"count":4,"href":"https:\/\/smdesevilla.com\/principal\/wp-json\/wp\/v2\/pages\/41\/revisions"}],"predecessor-version":[{"id":12743,"href":"https:\/\/smdesevilla.com\/principal\/wp-json\/wp\/v2\/pages\/41\/revisions\/12743"}],"up":[{"embeddable":true,"href":"https:\/\/smdesevilla.com\/principal\/wp-json\/wp\/v2\/pages\/39"}],"wp:featuredmedia":[{"embeddable":true,"href":"https:\/\/smdesevilla.com\/principal\/wp-json\/wp\/v2\/media\/5951"}],"wp:attachment":[{"href":"https:\/\/smdesevilla.com\/principal\/wp-json\/wp\/v2\/media?parent=41"}],"curies":[{"name":"wp","href":"https:\/\/api.w.org\/{rel}","templated":true}]}}