{"id":11751,"date":"2023-06-10T14:48:34","date_gmt":"2023-06-10T12:48:34","guid":{"rendered":"https:\/\/smdesevilla.com\/principal\/?page_id=11751"},"modified":"2026-03-16T22:07:01","modified_gmt":"2026-03-16T21:07:01","slug":"raul_moncada","status":"publish","type":"page","link":"https:\/\/smdesevilla.com\/principal\/direccion-artistica-y-musical\/raul_moncada\/","title":{"rendered":"Ra\u00fal Moncada"},"content":{"rendered":"<div class=\"pwi\">\n<p>Nacido en la Ciudad de M\u00e9xico, Ra\u00fal Moncada estudi\u00f3 el clavec\u00edn y el clavicordio con los maestros Bob van Asperen, Menno van Delft, y Siebe Henstra en \u00c1msterdam y Utrecht (Pa\u00edses Bajos).<\/p>\n<p>Ra\u00fal Moncada, el primer y \u00fanico mexicano \u00a0a la fecha en obtener premios en dos de las m\u00e1s importantes competiciones a nivel internacional en M\u00fasica Antigua (<em>Musica Antiqua<\/em> en Brujas, B\u00e9lgica <em>y Premio Bonporti<\/em> en Rovereto, Italia), es actualmente uno de los m\u00fasicos m\u00e1s activos en M\u00e9xico ofreciendo m\u00faltiples recitales de clavec\u00edn con las obras m\u00e1s importantes de este repertorio,\u00a0 as\u00ed\u00a0 como\u00a0 tocando\u00a0 m\u00fasica\u00a0 de c\u00e1mara con el <em>Trio Barroco<\/em> y con el ensamble <em>NOVUM ANTIQUA MUSICA<\/em> en los festivales y salas de concierto m\u00e1s importantes del pa\u00eds.<\/p>\n<p>A nivel internacional, viaja regularmente a Europa a tocar con el ensamble <em>Rossi Piceno<\/em>, adem\u00e1s de ser invitado a tocar por prestigiosos grupos internacionales como <em>La Grande Chapelle<\/em> en importantes festivales tales como el <em>Grachtenfestival<\/em> (\u00c1msterdam), <em>Festival van Vlaanderen<\/em> (Brujas<em>), Oudemuziek Festival<\/em> (Utrecht) y realizar grabaciones para <em>Ram\u00e9e<\/em> y <em>ORF<\/em>.<\/p>\n<p>A lo largo de su formaci\u00f3n y carrera ha recibido diversas becas y apoyos por parte de la UNAM, CONACULTA y la SRE.<\/p>\n<p>Aparte de su intensa actividad musical que incluye la direcci\u00f3n de orquesta y la docencia, es invitado de vez en cuando, a impartir asesor\u00edas, talleres y seminarios en capacitaci\u00f3n y gesti\u00f3n cultural.<\/p>\n<\/div>\n","protected":false},"excerpt":{"rendered":"<p>Nacido en la Ciudad de M\u00e9xico, Ra\u00fal Moncada estudi\u00f3 el clavec\u00edn y el clavicordio con los maestros Bob van Asperen, Menno van Delft, y Siebe Henstra en \u00c1msterdam y Utrecht (Pa\u00edses Bajos). Ra\u00fal Moncada, el primer y \u00fanico mexicano \u00a0a la fecha en obtener premios en dos de las m\u00e1s importantes competiciones a nivel internacional [&hellip;]<\/p>\n","protected":false},"author":1,"featured_media":12970,"parent":39,"menu_order":100,"comment_status":"closed","ping_status":"closed","template":"page-3-2","meta":{"_price":"","_stock":"","_tribe_ticket_header":"","_tribe_default_ticket_provider":"TEC\\Tickets\\Commerce\\Module","_tribe_ticket_capacity":"0","_ticket_start_date":"","_ticket_end_date":"","_tribe_ticket_show_description":"","_tribe_ticket_show_not_going":false,"_tribe_ticket_use_global_stock":"","_tribe_ticket_global_stock_level":"","_global_stock_mode":"","_global_stock_cap":"","_tribe_rsvp_for_event":"","_tribe_ticket_going_count":"","_tribe_ticket_not_going_count":"","_tribe_tickets_list":"[]","_tribe_ticket_has_attendee_info_fields":false,"footnotes":"","_tec_slr_enabled":"","_tec_slr_layout":""},"class_list":["post-11751","page","type-page","status-publish","has-post-thumbnail","hentry"],"aioseo_notices":[],"ticketed":false,"_links":{"self":[{"href":"https:\/\/smdesevilla.com\/principal\/wp-json\/wp\/v2\/pages\/11751","targetHints":{"allow":["GET"]}}],"collection":[{"href":"https:\/\/smdesevilla.com\/principal\/wp-json\/wp\/v2\/pages"}],"about":[{"href":"https:\/\/smdesevilla.com\/principal\/wp-json\/wp\/v2\/types\/page"}],"author":[{"embeddable":true,"href":"https:\/\/smdesevilla.com\/principal\/wp-json\/wp\/v2\/users\/1"}],"replies":[{"embeddable":true,"href":"https:\/\/smdesevilla.com\/principal\/wp-json\/wp\/v2\/comments?post=11751"}],"version-history":[{"count":1,"href":"https:\/\/smdesevilla.com\/principal\/wp-json\/wp\/v2\/pages\/11751\/revisions"}],"predecessor-version":[{"id":11754,"href":"https:\/\/smdesevilla.com\/principal\/wp-json\/wp\/v2\/pages\/11751\/revisions\/11754"}],"up":[{"embeddable":true,"href":"https:\/\/smdesevilla.com\/principal\/wp-json\/wp\/v2\/pages\/39"}],"wp:featuredmedia":[{"embeddable":true,"href":"https:\/\/smdesevilla.com\/principal\/wp-json\/wp\/v2\/media\/12970"}],"wp:attachment":[{"href":"https:\/\/smdesevilla.com\/principal\/wp-json\/wp\/v2\/media?parent=11751"}],"curies":[{"name":"wp","href":"https:\/\/api.w.org\/{rel}","templated":true}]}}