{"id":1015,"date":"2010-11-03T17:21:17","date_gmt":"2010-11-03T16:21:17","guid":{"rendered":"http:\/\/smdesevilla.com\/principal\/?page_id=1015"},"modified":"2024-08-02T21:20:24","modified_gmt":"2024-08-02T19:20:24","slug":"contacto","status":"publish","type":"page","link":"https:\/\/smdesevilla.com\/principal\/contacto\/","title":{"rendered":"Contacto"},"content":{"rendered":"<p><strong>Contrataci\u00f3n:<\/strong><\/p>\n<p>Finbarr Gonz\u00e1lez O&#8217;Sullivan \u00b7 Presidente<br \/>\n<a href=\"mailto:presidente@sociedadmusicaldesevilla.com\">presidente@sociedadmusicaldesevilla.com<\/a><br \/>\n616 498 825<\/p>\n<p><strong>Secretar\u00eda y organizaci\u00f3n:<\/strong><\/p>\n<p>Regla Montes Rodr\u00edguez<br \/>\nSecretaria<br \/>\n<a href=\"mailto:sms@sociedadmusicaldesevilla.com\">sms@sociedadmusicaldesevilla.com<\/a><\/p>\n<p><strong>Prensa y promoci\u00f3n:<\/strong><\/p>\n<p><a href=\"mailto:prensa@sociedadmusicaldesevilla.com\">prensa@sociedadmusicaldesevilla.com<\/a><\/p>\n<p><strong>Web:<\/strong><\/p>\n<p>Juan Antonio Cabezas Garrido<br \/>\n<a href=\"mailto:web@sociedadmusicaldesevilla.com\">web@sociedadmusicaldesevilla.com<\/a><\/p>\n<p>&nbsp;<\/p>\n","protected":false},"excerpt":{"rendered":"<p>Contrataci\u00f3n: Finbarr Gonz\u00e1lez O&#8217;Sullivan \u00b7 Presidente presidente@sociedadmusicaldesevilla.com 616 498 825 Secretar\u00eda y organizaci\u00f3n: Regla Montes Rodr\u00edguez Secretaria sms@sociedadmusicaldesevilla.com Prensa y promoci\u00f3n: prensa@sociedadmusicaldesevilla.com Web: Juan Antonio Cabezas Garrido web@sociedadmusicaldesevilla.com &nbsp;<\/p>\n","protected":false},"author":1,"featured_media":0,"parent":0,"menu_order":10,"comment_status":"closed","ping_status":"open","template":"","meta":{"_price":"","_stock":"","_tribe_ticket_header":"","_tribe_default_ticket_provider":"TEC\\Tickets\\Commerce\\Module","_tribe_ticket_capacity":"0","_ticket_start_date":"","_ticket_end_date":"","_tribe_ticket_show_description":"","_tribe_ticket_show_not_going":false,"_tribe_ticket_use_global_stock":"","_tribe_ticket_global_stock_level":"","_global_stock_mode":"","_global_stock_cap":"","_tribe_rsvp_for_event":"","_tribe_ticket_going_count":"","_tribe_ticket_not_going_count":"","_tribe_tickets_list":"[]","_tribe_ticket_has_attendee_info_fields":false,"footnotes":"","_tec_slr_enabled":"","_tec_slr_layout":""},"class_list":["post-1015","page","type-page","status-publish","hentry"],"aioseo_notices":[],"ticketed":false,"_links":{"self":[{"href":"https:\/\/smdesevilla.com\/principal\/wp-json\/wp\/v2\/pages\/1015","targetHints":{"allow":["GET"]}}],"collection":[{"href":"https:\/\/smdesevilla.com\/principal\/wp-json\/wp\/v2\/pages"}],"about":[{"href":"https:\/\/smdesevilla.com\/principal\/wp-json\/wp\/v2\/types\/page"}],"author":[{"embeddable":true,"href":"https:\/\/smdesevilla.com\/principal\/wp-json\/wp\/v2\/users\/1"}],"replies":[{"embeddable":true,"href":"https:\/\/smdesevilla.com\/principal\/wp-json\/wp\/v2\/comments?post=1015"}],"version-history":[{"count":6,"href":"https:\/\/smdesevilla.com\/principal\/wp-json\/wp\/v2\/pages\/1015\/revisions"}],"predecessor-version":[{"id":12758,"href":"https:\/\/smdesevilla.com\/principal\/wp-json\/wp\/v2\/pages\/1015\/revisions\/12758"}],"wp:attachment":[{"href":"https:\/\/smdesevilla.com\/principal\/wp-json\/wp\/v2\/media?parent=1015"}],"curies":[{"name":"wp","href":"https:\/\/api.w.org\/{rel}","templated":true}]}}